{"id":21070,"date":"2018-11-30T08:44:01","date_gmt":"2018-11-30T07:44:01","guid":{"rendered":"https:\/\/preplacrepe.com\/homedemo1\/"},"modified":"2024-08-06T11:10:31","modified_gmt":"2024-08-06T09:10:31","slug":"homedemo1","status":"publish","type":"page","link":"https:\/\/preplacrepe.com\/fr\/homedemo1\/","title":{"rendered":"Accueil"},"content":{"rendered":"<p>[vc_row full_width=\u00a0\u00bbstretch_row_content_no_spaces\u00a0\u00bb css=\u00a0\u00bb.vc_custom_1718702885296{margin-bottom: 0px !important;}\u00a0\u00bb][vc_column css=\u00a0\u00bb.vc_custom_1718010339434{margin-bottom: -35px !important;}\u00a0\u00bb][rev_slider_vc alias=\u00a0\u00bbhome-fr\u00a0\u00bb][\/vc_column][\/vc_row][vc_row full_width=\u00a0\u00bbstretch_row_content\u00a0\u00bb equal_height=\u00a0\u00bbyes\u00a0\u00bb content_placement=\u00a0\u00bbmiddle\u00a0\u00bb css_animation=\u00a0\u00bbfadeIn\u00a0\u00bb el_class=\u00a0\u00bbhome-about-us\u00a0\u00bb css=\u00a0\u00bb.vc_custom_1718963074954{padding-top: 120px !important;padding-bottom: 120px !important;}\u00a0\u00bb][vc_column css=\u00a0\u00bb.vc_custom_1718702240809{background-position: center !important;background-repeat: no-repeat !important;background-size: cover !important;}\u00a0\u00bb][vc_row_inner content_placement=\u00a0\u00bbmiddle\u00a0\u00bb el_class=\u00a0\u00bbhome-about-us-row\u00a0\u00bb][vc_column_inner width=\u00a0\u00bb1\/2&Prime; css=\u00a0\u00bb.vc_custom_1718895259087{padding-right: 30px !important;padding-left: 30px !important;}\u00a0\u00bb][stockie_heading subtitle_type_layout=\u00a0\u00bbwithout_subtitle\u00a0\u00bb module_type_layout=\u00a0\u00bbon_left\u00a0\u00bb heading_type=\u00a0\u00bbh2&Prime; title=\u00a0\u00bbUE9VUlFVT0klMjBMRVMlMjBNRUlMTEVVUkVTJTNG\u00a0\u00bb title_typo=\u00a0\u00bbfont_size~36||letter_spacing~1||weight~300&Prime; title_color=\u00a0\u00bb#000000&Prime;][stockie_text text_typo=\u00a0\u00bbfont_size~16||weight~inherit\u00a0\u00bb]Chez Prep La Cr\u00eape, nous ne nous contentons pas de servir des cr\u00eapes, nous cr\u00e9ons des exp\u00e9riences. Notre concept de show cooking permet \u00e0 nos clients de voir comment nous pr\u00e9parons nos cr\u00eapes artisanales avec des ingr\u00e9dients frais et de qualit\u00e9. Cette approche transparente renforce la confiance et met en valeur l&rsquo;authenticit\u00e9 de notre produit. De plus, nos recettes internationales offrent une vari\u00e9t\u00e9 de saveurs qui ravissent tous les palais. Nous combinons \u00e9l\u00e9gance et sophistication avec une ambiance d\u00e9contract\u00e9e, faisant de chaque visite un moment sp\u00e9cial.[\/stockie_text][\/vc_column_inner][vc_column_inner width=\u00a0\u00bb1\/2&Prime; css=\u00a0\u00bb.vc_custom_1719023519729{padding-top: 50px !important;padding-bottom: 50px !important;}\u00a0\u00bb][vc_single_image image=\u00a0\u00bb20906&Prime; img_size=\u00a0\u00bb200&#215;200&Prime; alignment=\u00a0\u00bbcenter\u00a0\u00bb css=\u00a0\u00bb\u00a0\u00bb][\/vc_column_inner][\/vc_row_inner][\/vc_column][\/vc_row][vc_row equal_height=\u00a0\u00bbyes\u00a0\u00bb content_placement=\u00a0\u00bbmiddle\u00a0\u00bb disable_element=\u00a0\u00bbyes\u00a0\u00bb el_class=\u00a0\u00bbhome-about-us\u00a0\u00bb][vc_column width=\u00a0\u00bb7\/12&Prime; css=\u00a0\u00bb.vc_custom_1718702240809{background-position: center !important;background-repeat: no-repeat !important;background-size: cover !important;}\u00a0\u00bb][vc_row_inner css=\u00a0\u00bb.vc_custom_1718010012941{margin-right: 0px !important;margin-left: 0px !important;padding-top: 10% !important;padding-bottom: 10% !important;}\u00a0\u00bb][vc_column_inner css=\u00a0\u00bb.vc_custom_1718702107566{padding-right: 100px !important;padding-left: 100px !important;}\u00a0\u00bb][stockie_heading subtitle_type_layout=\u00a0\u00bbwithout_subtitle\u00a0\u00bb module_type_layout=\u00a0\u00bbon_left\u00a0\u00bb heading_type=\u00a0\u00bbh2&Prime; title=\u00a0\u00bbUE9VUlFVT0klMjBMRVMlMjBNRUlMTEVVUkVTJTNG\u00a0\u00bb title_typo=\u00a0\u00bbfont_size~36||letter_spacing~1||weight~300&Prime; title_color=\u00a0\u00bb#000000&Prime;][stockie_text text_typo=\u00a0\u00bbfont_size~16||weight~inherit\u00a0\u00bb]En Prep\u00b4la Cr\u00eape preparamos las mejores cr\u00eapes de Madrid siguiendo la receta original bretona y utilizando \u00fanicamente ingredientes frescos y de la mejor calidad. Nuestras cr\u00eapes son inconfundibles tanto por su sabor como por la textura de su masa, realizada a diario por nuestros maestros creperos.[\/stockie_text][\/vc_column_inner][\/vc_row_inner][\/vc_column][vc_column width=\u00a0\u00bb5\/12&Prime; css=\u00a0\u00bb.vc_custom_1718702249270{background-position: center !important;background-repeat: no-repeat !important;background-size: cover !important;}\u00a0\u00bb][vc_row_inner css=\u00a0\u00bb.vc_custom_1718704507736{margin-right: 0px !important;margin-left: 0px !important;padding-top: 120px !important;padding-bottom: 120px !important;}\u00a0\u00bb][vc_column_inner][vc_single_image image=\u00a0\u00bb20906&Prime; img_size=\u00a0\u00bb200&#215;200&Prime; alignment=\u00a0\u00bbcenter\u00a0\u00bb css=\u00a0\u00bb\u00a0\u00bb][\/vc_column_inner][\/vc_row_inner][vc_single_image image=\u00a0\u00bb20209&Prime; img_size=\u00a0\u00bb150&#215;159&Prime; css=\u00a0\u00bb\u00a0\u00bb el_class=\u00a0\u00bbhome-triangle\u00a0\u00bb][\/vc_column][\/vc_row][vc_row full_width=\u00a0\u00bbstretch_row_content_no_spaces\u00a0\u00bb equal_height=\u00a0\u00bbyes\u00a0\u00bb content_placement=\u00a0\u00bbmiddle\u00a0\u00bb css_animation=\u00a0\u00bbfadeIn\u00a0\u00bb][vc_column width=\u00a0\u00bb1\/2&Prime; css=\u00a0\u00bb.vc_custom_1718023051535{background-image: url(https:\/\/preplacrepe.com\/wp-content\/uploads\/2024\/06\/dulces-home.jpg?id=20) !important;background-position: center !important;background-repeat: no-repeat !important;background-size: cover !important;}\u00a0\u00bb][vc_row_inner css=\u00a0\u00bb.vc_custom_1719135511922{margin-right: 0px !important;margin-left: 0px !important;padding-top: 150px !important;padding-bottom: 150px !important;}\u00a0\u00bb el_class=\u00a0\u00bbcolumn-link\u00a0\u00bb][vc_column_inner][stockie_heading subtitle_type_layout=\u00a0\u00bbbottom_subtitle\u00a0\u00bb module_type_layout=\u00a0\u00bbon_middle\u00a0\u00bb title=\u00a0\u00bbTEVTJTIwU1VDUkVFUw==\u00a0\u00bb title_typo=\u00a0\u00bbfont_size~28||weight~inherit\u00a0\u00bb title_color=\u00a0\u00bb#ffffff\u00a0\u00bb subtitle=\u00a0\u00bbJTJGZnIlMkZjYXJ0ZSUyRiUyM2xlcy1zdWNyZXNz\u00a0\u00bb subtitle_typo=\u00a0\u00bbweight~inherit\u00a0\u00bb][\/vc_column_inner][\/vc_row_inner][\/vc_column][vc_column width=\u00a0\u00bb1\/2&Prime; css=\u00a0\u00bb.vc_custom_1718023070706{background-image: url(https:\/\/preplacrepe.com\/wp-content\/uploads\/2024\/06\/gourmet-home.jpg?id=26) !important;background-position: center !important;background-repeat: no-repeat !important;background-size: cover !important;}\u00a0\u00bb][vc_row_inner css=\u00a0\u00bb.vc_custom_1719135519204{margin-right: 0px !important;margin-left: 0px !important;padding-top: 150px !important;padding-bottom: 150px !important;}\u00a0\u00bb el_class=\u00a0\u00bbcolumn-link\u00a0\u00bb][vc_column_inner][stockie_heading subtitle_type_layout=\u00a0\u00bbbottom_subtitle\u00a0\u00bb module_type_layout=\u00a0\u00bbon_middle\u00a0\u00bb title=\u00a0\u00bbTEVTJTIwR09VUk1FVA==\u00a0\u00bb title_typo=\u00a0\u00bbfont_size~28||weight~inherit\u00a0\u00bb title_color=\u00a0\u00bb#ffffff\u00a0\u00bb subtitle_typo=\u00a0\u00bbweight~inherit\u00a0\u00bb subtitle=\u00a0\u00bbJTJGZnIlMkZjYXJ0ZSUyRiUyM2xlcy1nb3VybWV0&Prime;][\/vc_column_inner][\/vc_row_inner][\/vc_column][\/vc_row][vc_row full_width=\u00a0\u00bbstretch_row_content_no_spaces\u00a0\u00bb equal_height=\u00a0\u00bbyes\u00a0\u00bb content_placement=\u00a0\u00bbmiddle\u00a0\u00bb css_animation=\u00a0\u00bbfadeIn\u00a0\u00bb][vc_column width=\u00a0\u00bb1\/2&Prime; css=\u00a0\u00bb.vc_custom_1718022549991{background-image: url(https:\/\/preplacrepe.com\/wp-content\/uploads\/2024\/06\/clasicos-home.jpg?id=14) !important;background-position: center !important;background-repeat: no-repeat !important;background-size: cover !important;}\u00a0\u00bb][vc_row_inner css=\u00a0\u00bb.vc_custom_1719135526140{margin-right: 0px !important;margin-left: 0px !important;padding-top: 150px !important;padding-bottom: 150px !important;}\u00a0\u00bb el_class=\u00a0\u00bbcolumn-link\u00a0\u00bb][vc_column_inner][stockie_heading subtitle_type_layout=\u00a0\u00bbbottom_subtitle\u00a0\u00bb module_type_layout=\u00a0\u00bbon_middle\u00a0\u00bb title=\u00a0\u00bbTEVTJTIwQ0xBU1NJUVVFUw==\u00a0\u00bb title_typo=\u00a0\u00bbfont_size~28||weight~inherit\u00a0\u00bb title_color=\u00a0\u00bb#ffffff\u00a0\u00bb subtitle_typo=\u00a0\u00bbweight~inherit\u00a0\u00bb subtitle=\u00a0\u00bbJTJGZnIlMkZjYXJ0ZSUyRiUyM2xlcy1jbGFzc2lxdWVz\u00a0\u00bb][\/vc_column_inner][\/vc_row_inner][\/vc_column][vc_column width=\u00a0\u00bb1\/2&Prime; css=\u00a0\u00bb.vc_custom_1718022567164{background-image: url(https:\/\/preplacrepe.com\/wp-content\/uploads\/2024\/06\/ensaladas-home.jpg?id=22) !important;background-position: center !important;background-repeat: no-repeat !important;background-size: cover !important;}\u00a0\u00bb][vc_row_inner css=\u00a0\u00bb.vc_custom_1719135538712{margin-right: 0px !important;margin-left: 0px !important;padding-top: 150px !important;padding-bottom: 150px !important;}\u00a0\u00bb el_class=\u00a0\u00bbcolumn-link\u00a0\u00bb][vc_column_inner][stockie_heading subtitle_type_layout=\u00a0\u00bbbottom_subtitle\u00a0\u00bb module_type_layout=\u00a0\u00bbon_middle\u00a0\u00bb title=\u00a0\u00bbTEVTJTIwU0FMQURFUw==\u00a0\u00bb title_typo=\u00a0\u00bbfont_size~28||weight~inherit\u00a0\u00bb title_color=\u00a0\u00bb#ffffff\u00a0\u00bb subtitle_typo=\u00a0\u00bbweight~inherit\u00a0\u00bb subtitle=\u00a0\u00bbJTJGZnIlMkZjYXJ0ZSUyRiUyM2xlcy1zYWxhZGVz\u00a0\u00bb][\/vc_column_inner][\/vc_row_inner][\/vc_column][\/vc_row][vc_row full_width=\u00a0\u00bbstretch_row_content_no_spaces\u00a0\u00bb equal_height=\u00a0\u00bbyes\u00a0\u00bb content_placement=\u00a0\u00bbmiddle\u00a0\u00bb css_animation=\u00a0\u00bbfadeIn\u00a0\u00bb][vc_column offset=\u00a0\u00bbvc_hidden-xs\u00a0\u00bb css=\u00a0\u00bb.vc_custom_1721833472027{padding-top: 67px !important;padding-bottom: 67px !important;background-image: url(https:\/\/preplacrepe.com\/wp-content\/uploads\/2024\/06\/tejado.png?id=39) !important;background-position: center !important;background-repeat: no-repeat !important;background-size: cover !important;}\u00a0\u00bb][\/vc_column][\/vc_row][vc_row full_width=\u00a0\u00bbstretch_row_content_no_spaces\u00a0\u00bb equal_height=\u00a0\u00bbyes\u00a0\u00bb content_placement=\u00a0\u00bbmiddle\u00a0\u00bb css_animation=\u00a0\u00bbfadeIn\u00a0\u00bb el_id=\u00a0\u00bbawning-responsive\u00a0\u00bb][vc_column offset=\u00a0\u00bbvc_hidden-lg vc_hidden-md vc_hidden-sm\u00a0\u00bb css=\u00a0\u00bb.vc_custom_1721833421494{padding-bottom: 67px !important;background-image: url(https:\/\/preplacrepe.com\/wp-content\/uploads\/2024\/06\/tejado.png?id=39) !important;background-position: center !important;background-repeat: no-repeat !important;background-size: contain !important;}\u00a0\u00bb][\/vc_column][\/vc_row][vc_row full_width=\u00a0\u00bbstretch_row_content_no_spaces\u00a0\u00bb css_animation=\u00a0\u00bbfadeIn\u00a0\u00bb el_class=\u00a0\u00bbhome-delivery\u00a0\u00bb css=\u00a0\u00bb.vc_custom_1719025163697{background-image: url(https:\/\/preplacrepe.com\/wp-content\/uploads\/2024\/06\/home-delivery-bg.png?id=20267); background-position: bottom center !important;background-repeat: no-repeat !important;background-size: cover !important;}\u00a0\u00bb][vc_column offset=\u00a0\u00bbvc_col-xs-12&Prime; css=\u00a0\u00bb.vc_custom_1719024669380{padding-right: 20px !important;padding-left: 20px !important;}\u00a0\u00bb][vc_empty_space height=\u00a0\u00bb100px\u00a0\u00bb el_class=\u00a0\u00bbclb__spacer\u00a0\u00bb][stockie_heading subtitle_type_layout=\u00a0\u00bbbottom_subtitle\u00a0\u00bb module_type_layout=\u00a0\u00bbon_middle\u00a0\u00bb title=\u00a0\u00bbTEVTJTIwVkVVWC1UVSUyMCVDMyU4MCUyMExBJTIwTUFJU09OJTNG\u00a0\u00bb subtitle=\u00a0\u00bbRVNTQVlFJTIwTk9UUkUlMjBTRVJWSUNFJTIwREUlMjBMSVZSQUlTT04=\u00a0\u00bb subtitle_typo=\u00a0\u00bbfont_size~32||letter_spacing~1||weight~400&Prime; title_typo=\u00a0\u00bbfont_size~44||letter_spacing~1||weight~inherit\u00a0\u00bb title_color=\u00a0\u00bbbrand\u00a0\u00bb subtitle_color=\u00a0\u00bbbrand\u00a0\u00bb][vc_empty_space height=\u00a0\u00bb40px\u00a0\u00bb][stockie_button layout=\u00a0\u00bbfill\u00a0\u00bb shape_size=\u00a0\u00bbhuge\u00a0\u00bb link=\u00a0\u00bburl:%2Ffr%2Fdelivery%2F|title:COMMANDE%20POUR%20LA%20MAISON\u00a0\u00bb color=\u00a0\u00bbbrand\u00a0\u00bb text_color=\u00a0\u00bb#ffffff\u00a0\u00bb title_typo=\u00a0\u00bbfont_size~20||weight~300&Prime; css_class=\u00a0\u00bbbtn-delivery\u00a0\u00bb][vc_empty_space height=\u00a0\u00bb100px\u00a0\u00bb el_class=\u00a0\u00bbvc_hidden-xs\u00a0\u00bb][\/vc_column][\/vc_row][vc_row full_width=\u00a0\u00bbstretch_row_content_no_spaces\u00a0\u00bb css_animation=\u00a0\u00bbfadeIn\u00a0\u00bb][vc_column offset=\u00a0\u00bbvc_hidden-lg vc_hidden-md vc_hidden-sm vc_col-xs-12&Prime; css=\u00a0\u00bb.vc_custom_1719025646716{margin-bottom: -2px !important;}\u00a0\u00bb][vc_single_image image=\u00a0\u00bb20495&Prime; img_size=\u00a0\u00bbfull\u00a0\u00bb alignment=\u00a0\u00bbcenter\u00a0\u00bb css=\u00a0\u00bb\u00a0\u00bb][\/vc_column][\/vc_row][vc_row full_width=\u00a0\u00bbstretch_row_content_no_spaces\u00a0\u00bb css=\u00a0\u00bb.vc_custom_1718706222329{border-top-width: 5px !important;border-top-style: solid !important;border-color: #000000 !important;}\u00a0\u00bb][vc_column][vc_empty_space height=\u00a0\u00bb5px\u00a0\u00bb][\/vc_column][\/vc_row]<\/p>\n","protected":false},"excerpt":{"rendered":"<p>[vc_row full_width=\u00a0\u00bbstretch_row_content_no_spaces\u00a0\u00bb css=\u00a0\u00bb.vc_custom_1718702885296{margin-bottom: 0px !important;}\u00a0\u00bb][vc_column css=\u00a0\u00bb.vc_custom_1718010339434{margin-bottom: -35px !important;}\u00a0\u00bb][rev_slider_vc alias=\u00a0\u00bbhome-fr\u00a0\u00bb][\/vc_column][\/vc_row][vc_row full_width=\u00a0\u00bbstretch_row_content\u00a0\u00bb equal_height=\u00a0\u00bbyes\u00a0\u00bb content_placement=\u00a0\u00bbmiddle\u00a0\u00bb css_animation=\u00a0\u00bbfadeIn\u00a0\u00bb el_class=\u00a0\u00bbhome-about-us\u00a0\u00bb css=\u00a0\u00bb.vc_custom_1718963074954{padding-top: 120px !important;padding-bottom: 120px !important;}\u00a0\u00bb][vc_column css=\u00a0\u00bb.vc_custom_1718702240809{background-position: center !important;background-repeat: no-repeat !important;background-size: cover !important;}\u00a0\u00bb][vc_row_inner content_placement=\u00a0\u00bbmiddle\u00a0\u00bb el_class=\u00a0\u00bbhome-about-us-row\u00a0\u00bb][vc_column_inner width=\u00a0\u00bb1\/2&Prime; css=\u00a0\u00bb.vc_custom_1718895259087{padding-right: 30px !important;padding-left: 30px !important;}\u00a0\u00bb][stockie_heading subtitle_type_layout=\u00a0\u00bbwithout_subtitle\u00a0\u00bb module_type_layout=\u00a0\u00bbon_left\u00a0\u00bb heading_type=\u00a0\u00bbh2&Prime; title=\u00a0\u00bbUE9VUlFVT0klMjBMRVMlMjBNRUlMTEVVUkVTJTNG\u00a0\u00bb title_typo=\u00a0\u00bbfont_size~36||letter_spacing~1||weight~300&Prime; title_color=\u00a0\u00bb#000000&Prime;][stockie_text text_typo=\u00a0\u00bbfont_size~16||weight~inherit\u00a0\u00bb]Chez Prep La Cr\u00eape, nous ne nous contentons pas de servir des cr\u00eapes, nous cr\u00e9ons [&hellip;]<\/p>\n","protected":false},"author":3,"featured_media":0,"parent":0,"menu_order":0,"comment_status":"closed","ping_status":"closed","template":"","meta":{"_acf_changed":false,"footnotes":""},"class_list":["post-21070","page","type-page","status-publish","hentry"],"acf":[],"_links":{"self":[{"href":"https:\/\/preplacrepe.com\/fr\/wp-json\/wp\/v2\/pages\/21070","targetHints":{"allow":["GET"]}}],"collection":[{"href":"https:\/\/preplacrepe.com\/fr\/wp-json\/wp\/v2\/pages"}],"about":[{"href":"https:\/\/preplacrepe.com\/fr\/wp-json\/wp\/v2\/types\/page"}],"author":[{"embeddable":true,"href":"https:\/\/preplacrepe.com\/fr\/wp-json\/wp\/v2\/users\/3"}],"replies":[{"embeddable":true,"href":"https:\/\/preplacrepe.com\/fr\/wp-json\/wp\/v2\/comments?post=21070"}],"version-history":[{"count":7,"href":"https:\/\/preplacrepe.com\/fr\/wp-json\/wp\/v2\/pages\/21070\/revisions"}],"predecessor-version":[{"id":21215,"href":"https:\/\/preplacrepe.com\/fr\/wp-json\/wp\/v2\/pages\/21070\/revisions\/21215"}],"wp:attachment":[{"href":"https:\/\/preplacrepe.com\/fr\/wp-json\/wp\/v2\/media?parent=21070"}],"curies":[{"name":"wp","href":"https:\/\/api.w.org\/{rel}","templated":true}]}}